{"id":10,"date":"2016-03-24T14:42:34","date_gmt":"2016-03-24T17:42:34","guid":{"rendered":"http:\/\/localhost\/base\/?page_id=10"},"modified":"2025-03-18T09:24:12","modified_gmt":"2025-03-18T12:24:12","slug":"institucional","status":"publish","type":"page","link":"https:\/\/www.djalma.com.br\/site\/institucional\/","title":{"rendered":"Institucional"},"content":{"rendered":"\n<figure class=\"wp-block-embed is-type-video is-provider-youtube wp-block-embed-youtube wp-embed-aspect-4-3 wp-has-aspect-ratio\"><div class=\"wp-block-embed__wrapper\">\n\n<div class=\"fve-video-wrapper fve-image-embed fve-thumbnail-image youtube\" style=\"padding-bottom:75%;\">\n    <iframe data-src=\"\/\/www.youtube.com\/embed\/G9V3ETSYH8E?wmode=transparent&#038;modestbranding=1&#038;autohide=1&#038;showinfo=0&#038;rel=0\" width=\"100%\" height=\"100%\" frameborder=\"0\" webkitAllowFullScreen mozallowfullscreen allowFullScreen src=\"data:image\/gif;base64,R0lGODlhAQABAAAAACH5BAEKAAEALAAAAAABAAEAAAICTAEAOw==\" class=\"lazyload\" data-load-mode=\"1\"><\/iframe>    <\/div>\n\n\n<\/div><\/figure>\n\n\n<p>DOEN\u00c7A &amp; SA\u00daDE<\/p>\n<p>Falando de Doen\u00e7a &#8211; Cada pessoa \u00e9 um Ser especial e possui sua pr\u00f3pria maneira de lidar com as situa\u00e7\u00f5es. A doen\u00e7a \u00e9 o resultado direto dos nossos pensamentos e a\u00e7\u00f5es. A mente \u00e9 extraordinariamente poderosa e afeta todas as c\u00e9lulas do corpo, provocando a ocorr\u00eancia de mudan\u00e7as qu\u00edmicas. Assim, emo\u00e7\u00f5es negativas como a ansiedade, desgosto, medo e preocupa\u00e7\u00e3o, ter\u00e3o repercuss\u00f5es negativas na sa\u00fade. O desequil\u00edbrio energ\u00e9tico moment\u00e2neo pode tornar-se cr\u00f4nico ao longo de alguns meses ou anos e resultar desta maneira em diversas enfermidades.<\/p>\n<p>Muitas mol\u00e9stias resultam tamb\u00e9m da tens\u00e3o emocional vivida pelo homem de hoje e de seus h\u00e1bitos prejudiciais (alimenta\u00e7\u00e3o, press\u00e3o sofrida pelo meio em que vive, acontecimentos traum\u00e1ticos, perda de um ser querido, entre outros). Quando estas experi\u00eancias n\u00e3o s\u00e3o intimamente superadas, o que poderia ser um ataque intensivo de medo, por exemplo, pode criar um desequil\u00edbrio tal que, com o tempo, poder\u00e1 interferir no corpo f\u00edsico. Portanto, quando nossos p\u00e9s est\u00e3o cansados, assim est\u00e1 nossa mente e corpo.<\/p>\n<p>Falando de Sa\u00fade &#8211; Nossos p\u00e9s se assemelham \u00e0 raiz de uma \u00e1rvore frondosa onde ela est\u00e1 firme e serena no solo. Se dedicarmos uma aten\u00e7\u00e3o amorosa e suave a essa parte do nosso corpo, poderemos reconquistar mais qualidade e leveza, nos preparando para estarmos firmes em nossos prop\u00f3sitos! A aplica\u00e7\u00e3o de Reflexologia ativa o mecanismo de cura que existe no interior de cada um de n\u00f3s; o seu efeito \u00e9 cumulativo, ou seja, a cada nova sess\u00e3o refor\u00e7a-se a sensa\u00e7\u00e3o de bem-estar f\u00edsico e de paz interior, comprovando assim a sua efic\u00e1cia.<\/p>\n<p><img decoding=\"async\" class=\"alignright wp-image-154 lazyload\" data-src=\"http:\/\/localhost\/djalma\/site\/wp-content\/uploads\/2016\/03\/reflexologia.png\" alt=\"Reflexologia\" width=\"220\" height=\"181\" src=\"data:image\/gif;base64,R0lGODlhAQABAAAAACH5BAEKAAEALAAAAAABAAEAAAICTAEAOw==\" style=\"--smush-placeholder-width: 220px; --smush-placeholder-aspect-ratio: 220\/181;\" \/>A <strong>Reflexologia<\/strong> \u00e9 um tratamento de sa\u00fade simples, confort\u00e1vel, sem contra indica\u00e7\u00e3o, indicado para pessoas de todas as idades, sem contra indica\u00e7\u00e3o e sem uso de medicamentos, eficaz e 100% natural. Aplica\u00e7\u00e3o da Reflexologia<\/p>\n<p>O terapeuta usando apenas suas m\u00e3os, atu\u00e1 nos p\u00e9s do cliente, em pontos espec\u00edficos, buscando equilibrar o f\u00edsico e o emocional; ajudando-o a ter melhor qualidade de vida.<\/p>\n<p>A <strong>Reflexologia<\/strong> n\u00e3o interfere em nenhum tratamento que a pessoa estiver fazendo, mas sim acelera a resolu\u00e7\u00e3o do caso.<\/p>\n<h3>O PR\u00d3PRIO CORPO, EQUILIBRADO, \u00c9 QUEM PROMOVE A CURA.<\/h3>\n<h4><strong>ALGUMAS SUGEST\u00d5ES ONDE A REFLEXOLOGIA PODE ATUAR.<\/strong><\/h4>\n<ul>\n<li>\n<h4><strong>DEPRESS\u00c3O<\/strong><\/h4>\n<\/li>\n<li>\n<h4><strong>INSONIA<\/strong><\/h4>\n<\/li>\n<li>\n<h4><strong>STRESS<\/strong><\/h4>\n<\/li>\n<li>\n<h4><strong>FOBIAS<\/strong><\/h4>\n<\/li>\n<li>\n<h4><strong>ENXAQUECAS<\/strong><\/h4>\n<\/li>\n<li>\n<h4><strong>FIBROMIALGIA<\/strong><\/h4>\n<\/li>\n<li>\n<h4><strong>TENS\u00c3O<\/strong><\/h4>\n<\/li>\n<li>\n<h4><strong>COLICA MENSTRUAL<\/strong><\/h4>\n<\/li>\n<li>\n<h4><strong>DORES NA COLUNA<\/strong><\/h4>\n<\/li>\n<li>\n<h4><strong>IRRITABILIDADE<\/strong><\/h4>\n<\/li>\n<li>\n<h4><strong>SINDOME DO PANICO E OUTROS<\/strong><\/h4>\n<\/li>\n<li>\n<h4><strong>PROBLEMAS HORMONAIS<\/strong><\/h4>\n<\/li>\n<\/ul>\n<hr \/>\n<p align=\"center\"><strong>ATENDIMENTO COM HORA MARCADA<\/strong><\/p>\n<p align=\"center\"><strong>FONE: 99828-7678<\/strong><\/p>\n<hr \/>\n<p>Rua Duarte de Azevedo, 284 &#8211; 13\u00ba ANDAR SALA 133 A<br \/>CEP: 02036-021 &#8211; Metr\u00f4 Santana &#8211; Bairro Santana &#8211; Zona Norte<br \/>S\u00e3o Paulo &#8211; SP &#8211; Brasil<\/p>\n<p>Estacionamento no pr\u00f3prio pr\u00e9dio com manobrista e seguro.<br \/>( A cargo da empresa administradora do estacionamento )<\/p>\n<p># UMA DICA PARA QUE SEU DIA SEJA REPLETO DE SA\u00daDE E PAZ INTERIOR\u00a0 &#8211;\u00a0 REPITA SEMPRE !<br \/><strong>&#8220;OBRIGADO DEUS, POR ESTAR CADA DIA MELHOR QUE ANTES.&#8221;<\/strong><\/p>\n\n\n<figure class=\"wp-block-gallery has-nested-images columns-default is-cropped wp-block-gallery-1 is-layout-flex wp-block-gallery-is-layout-flex\"><\/figure>\n","protected":false},"excerpt":{"rendered":"<p>DOEN\u00c7A &amp; SA\u00daDE Falando de Doen\u00e7a &#8211; Cada pessoa \u00e9 um Ser especial e possui sua pr\u00f3pria maneira de lidar com as situa\u00e7\u00f5es. A doen\u00e7a \u00e9 o resultado direto dos nossos pensamentos e a\u00e7\u00f5es. A mente \u00e9 extraordinariamente poderosa e &hellip; <a href=\"https:\/\/www.djalma.com.br\/site\/institucional\/\">Continua<\/a><\/p>\n","protected":false},"author":3,"featured_media":0,"parent":0,"menu_order":0,"comment_status":"closed","ping_status":"closed","template":"page-padrao.php","meta":{"footnotes":""},"acf":[],"yoast_head":"<!-- This site is optimized with the Yoast SEO plugin v24.5 - https:\/\/yoast.com\/wordpress\/plugins\/seo\/ -->\n<title>Institucional - Djalma Reflexologista<\/title>\n<meta name=\"description\" content=\"A Reflexologia \u00e9 um tratamento de sa\u00fade simples, confort\u00e1vel, sem contra indica\u00e7\u00e3o, indicado para pessoas de todas as idades, sem contra indica\u00e7\u00e3o e sem uso\" \/>\n<meta name=\"robots\" content=\"index, follow, max-snippet:-1, max-image-preview:large, max-video-preview:-1\" \/>\n<link rel=\"canonical\" href=\"http:\/\/www.djalma.com.br\/site\/institucional\/\" \/>\n<meta property=\"og:locale\" content=\"pt_BR\" \/>\n<meta property=\"og:type\" content=\"article\" \/>\n<meta property=\"og:title\" content=\"Institucional - Djalma Reflexologista\" \/>\n<meta property=\"og:description\" content=\"A Reflexologia \u00e9 um tratamento de sa\u00fade simples, confort\u00e1vel, sem contra indica\u00e7\u00e3o, indicado para pessoas de todas as idades, sem contra indica\u00e7\u00e3o e sem uso\" \/>\n<meta property=\"og:url\" content=\"http:\/\/www.djalma.com.br\/site\/institucional\/\" \/>\n<meta property=\"og:site_name\" content=\"Djalma Reflexologista\" \/>\n<meta property=\"article:modified_time\" content=\"2025-03-18T12:24:12+00:00\" \/>\n<meta property=\"og:image\" content=\"http:\/\/localhost\/djalma\/site\/wp-content\/uploads\/2016\/03\/reflexologia.png\" \/>\n<meta name=\"twitter:card\" content=\"summary_large_image\" \/>\n<meta name=\"twitter:label1\" content=\"Est. tempo de leitura\" \/>\n\t<meta name=\"twitter:data1\" content=\"3 minutos\" \/>\n<script type=\"application\/ld+json\" class=\"yoast-schema-graph\">{\"@context\":\"https:\/\/schema.org\",\"@graph\":[{\"@type\":\"WebPage\",\"@id\":\"http:\/\/www.djalma.com.br\/site\/institucional\/\",\"url\":\"http:\/\/www.djalma.com.br\/site\/institucional\/\",\"name\":\"Institucional - Djalma Reflexologista\",\"isPartOf\":{\"@id\":\"https:\/\/www.djalma.com.br\/site\/#website\"},\"primaryImageOfPage\":{\"@id\":\"http:\/\/www.djalma.com.br\/site\/institucional\/#primaryimage\"},\"image\":{\"@id\":\"http:\/\/www.djalma.com.br\/site\/institucional\/#primaryimage\"},\"thumbnailUrl\":\"http:\/\/localhost\/djalma\/site\/wp-content\/uploads\/2016\/03\/reflexologia.png\",\"datePublished\":\"2016-03-24T17:42:34+00:00\",\"dateModified\":\"2025-03-18T12:24:12+00:00\",\"description\":\"A Reflexologia \u00e9 um tratamento de sa\u00fade simples, confort\u00e1vel, sem contra indica\u00e7\u00e3o, indicado para pessoas de todas as idades, sem contra indica\u00e7\u00e3o e sem uso\",\"breadcrumb\":{\"@id\":\"http:\/\/www.djalma.com.br\/site\/institucional\/#breadcrumb\"},\"inLanguage\":\"pt-BR\",\"potentialAction\":[{\"@type\":\"ReadAction\",\"target\":[\"http:\/\/www.djalma.com.br\/site\/institucional\/\"]}]},{\"@type\":\"ImageObject\",\"inLanguage\":\"pt-BR\",\"@id\":\"http:\/\/www.djalma.com.br\/site\/institucional\/#primaryimage\",\"url\":\"http:\/\/localhost\/djalma\/site\/wp-content\/uploads\/2016\/03\/reflexologia.png\",\"contentUrl\":\"http:\/\/localhost\/djalma\/site\/wp-content\/uploads\/2016\/03\/reflexologia.png\"},{\"@type\":\"BreadcrumbList\",\"@id\":\"http:\/\/www.djalma.com.br\/site\/institucional\/#breadcrumb\",\"itemListElement\":[{\"@type\":\"ListItem\",\"position\":1,\"name\":\"In\u00edcio\",\"item\":\"https:\/\/www.djalma.com.br\/site\/\"},{\"@type\":\"ListItem\",\"position\":2,\"name\":\"Institucional\"}]},{\"@type\":\"WebSite\",\"@id\":\"https:\/\/www.djalma.com.br\/site\/#website\",\"url\":\"https:\/\/www.djalma.com.br\/site\/\",\"name\":\"Djalma Reflexologista\",\"description\":\"\",\"publisher\":{\"@id\":\"https:\/\/www.djalma.com.br\/site\/#organization\"},\"potentialAction\":[{\"@type\":\"SearchAction\",\"target\":{\"@type\":\"EntryPoint\",\"urlTemplate\":\"https:\/\/www.djalma.com.br\/site\/?s={search_term_string}\"},\"query-input\":{\"@type\":\"PropertyValueSpecification\",\"valueRequired\":true,\"valueName\":\"search_term_string\"}}],\"inLanguage\":\"pt-BR\"},{\"@type\":\"Organization\",\"@id\":\"https:\/\/www.djalma.com.br\/site\/#organization\",\"name\":\"Djalma Reflexologista\",\"url\":\"https:\/\/www.djalma.com.br\/site\/\",\"logo\":{\"@type\":\"ImageObject\",\"inLanguage\":\"pt-BR\",\"@id\":\"https:\/\/www.djalma.com.br\/site\/#\/schema\/logo\/image\/\",\"url\":\"http:\/\/localhost\/djalma\/site\/wp-content\/uploads\/2017\/09\/logotipo.png\",\"contentUrl\":\"http:\/\/localhost\/djalma\/site\/wp-content\/uploads\/2017\/09\/logotipo.png\",\"width\":254,\"height\":115,\"caption\":\"Djalma Reflexologista\"},\"image\":{\"@id\":\"https:\/\/www.djalma.com.br\/site\/#\/schema\/logo\/image\/\"}}]}<\/script>\n<!-- \/ Yoast SEO plugin. -->","yoast_head_json":{"title":"Institucional - Djalma Reflexologista","description":"A Reflexologia \u00e9 um tratamento de sa\u00fade simples, confort\u00e1vel, sem contra indica\u00e7\u00e3o, indicado para pessoas de todas as idades, sem contra indica\u00e7\u00e3o e sem uso","robots":{"index":"index","follow":"follow","max-snippet":"max-snippet:-1","max-image-preview":"max-image-preview:large","max-video-preview":"max-video-preview:-1"},"canonical":"http:\/\/www.djalma.com.br\/site\/institucional\/","og_locale":"pt_BR","og_type":"article","og_title":"Institucional - Djalma Reflexologista","og_description":"A Reflexologia \u00e9 um tratamento de sa\u00fade simples, confort\u00e1vel, sem contra indica\u00e7\u00e3o, indicado para pessoas de todas as idades, sem contra indica\u00e7\u00e3o e sem uso","og_url":"http:\/\/www.djalma.com.br\/site\/institucional\/","og_site_name":"Djalma Reflexologista","article_modified_time":"2025-03-18T12:24:12+00:00","og_image":[{"url":"http:\/\/localhost\/djalma\/site\/wp-content\/uploads\/2016\/03\/reflexologia.png","type":"","width":"","height":""}],"twitter_card":"summary_large_image","twitter_misc":{"Est. tempo de leitura":"3 minutos"},"schema":{"@context":"https:\/\/schema.org","@graph":[{"@type":"WebPage","@id":"http:\/\/www.djalma.com.br\/site\/institucional\/","url":"http:\/\/www.djalma.com.br\/site\/institucional\/","name":"Institucional - Djalma Reflexologista","isPartOf":{"@id":"https:\/\/www.djalma.com.br\/site\/#website"},"primaryImageOfPage":{"@id":"http:\/\/www.djalma.com.br\/site\/institucional\/#primaryimage"},"image":{"@id":"http:\/\/www.djalma.com.br\/site\/institucional\/#primaryimage"},"thumbnailUrl":"http:\/\/localhost\/djalma\/site\/wp-content\/uploads\/2016\/03\/reflexologia.png","datePublished":"2016-03-24T17:42:34+00:00","dateModified":"2025-03-18T12:24:12+00:00","description":"A Reflexologia \u00e9 um tratamento de sa\u00fade simples, confort\u00e1vel, sem contra indica\u00e7\u00e3o, indicado para pessoas de todas as idades, sem contra indica\u00e7\u00e3o e sem uso","breadcrumb":{"@id":"http:\/\/www.djalma.com.br\/site\/institucional\/#breadcrumb"},"inLanguage":"pt-BR","potentialAction":[{"@type":"ReadAction","target":["http:\/\/www.djalma.com.br\/site\/institucional\/"]}]},{"@type":"ImageObject","inLanguage":"pt-BR","@id":"http:\/\/www.djalma.com.br\/site\/institucional\/#primaryimage","url":"http:\/\/localhost\/djalma\/site\/wp-content\/uploads\/2016\/03\/reflexologia.png","contentUrl":"http:\/\/localhost\/djalma\/site\/wp-content\/uploads\/2016\/03\/reflexologia.png"},{"@type":"BreadcrumbList","@id":"http:\/\/www.djalma.com.br\/site\/institucional\/#breadcrumb","itemListElement":[{"@type":"ListItem","position":1,"name":"In\u00edcio","item":"https:\/\/www.djalma.com.br\/site\/"},{"@type":"ListItem","position":2,"name":"Institucional"}]},{"@type":"WebSite","@id":"https:\/\/www.djalma.com.br\/site\/#website","url":"https:\/\/www.djalma.com.br\/site\/","name":"Djalma Reflexologista","description":"","publisher":{"@id":"https:\/\/www.djalma.com.br\/site\/#organization"},"potentialAction":[{"@type":"SearchAction","target":{"@type":"EntryPoint","urlTemplate":"https:\/\/www.djalma.com.br\/site\/?s={search_term_string}"},"query-input":{"@type":"PropertyValueSpecification","valueRequired":true,"valueName":"search_term_string"}}],"inLanguage":"pt-BR"},{"@type":"Organization","@id":"https:\/\/www.djalma.com.br\/site\/#organization","name":"Djalma Reflexologista","url":"https:\/\/www.djalma.com.br\/site\/","logo":{"@type":"ImageObject","inLanguage":"pt-BR","@id":"https:\/\/www.djalma.com.br\/site\/#\/schema\/logo\/image\/","url":"http:\/\/localhost\/djalma\/site\/wp-content\/uploads\/2017\/09\/logotipo.png","contentUrl":"http:\/\/localhost\/djalma\/site\/wp-content\/uploads\/2017\/09\/logotipo.png","width":254,"height":115,"caption":"Djalma Reflexologista"},"image":{"@id":"https:\/\/www.djalma.com.br\/site\/#\/schema\/logo\/image\/"}}]}},"_links":{"self":[{"href":"https:\/\/www.djalma.com.br\/site\/wp-json\/wp\/v2\/pages\/10"}],"collection":[{"href":"https:\/\/www.djalma.com.br\/site\/wp-json\/wp\/v2\/pages"}],"about":[{"href":"https:\/\/www.djalma.com.br\/site\/wp-json\/wp\/v2\/types\/page"}],"author":[{"embeddable":true,"href":"https:\/\/www.djalma.com.br\/site\/wp-json\/wp\/v2\/users\/3"}],"replies":[{"embeddable":true,"href":"https:\/\/www.djalma.com.br\/site\/wp-json\/wp\/v2\/comments?post=10"}],"version-history":[{"count":51,"href":"https:\/\/www.djalma.com.br\/site\/wp-json\/wp\/v2\/pages\/10\/revisions"}],"predecessor-version":[{"id":247,"href":"https:\/\/www.djalma.com.br\/site\/wp-json\/wp\/v2\/pages\/10\/revisions\/247"}],"wp:attachment":[{"href":"https:\/\/www.djalma.com.br\/site\/wp-json\/wp\/v2\/media?parent=10"}],"curies":[{"name":"wp","href":"https:\/\/api.w.org\/{rel}","templated":true}]}}