{"id":12,"date":"2016-03-24T14:42:52","date_gmt":"2016-03-24T17:42:52","guid":{"rendered":"http:\/\/localhost\/base\/?page_id=12"},"modified":"2016-12-14T22:21:34","modified_gmt":"2016-12-15T00:21:34","slug":"fale-conosco","status":"publish","type":"page","link":"https:\/\/www.djalma.com.br\/site\/fale-conosco\/","title":{"rendered":"Fale Conosco"},"content":{"rendered":"<p>Preencha o formul\u00e1rio abaixo para entrar em contato conosco.<br \/>\nOu fale conosco atrav\u00e9s de nosso telefone, e-mail e endere\u00e7o ao lado do formul\u00e1rio.<\/p>\n","protected":false},"excerpt":{"rendered":"<p>Preencha o formul\u00e1rio abaixo para entrar em contato conosco. Ou fale conosco atrav\u00e9s de nosso telefone, e-mail e endere\u00e7o ao lado do formul\u00e1rio.<\/p>\n","protected":false},"author":3,"featured_media":0,"parent":0,"menu_order":0,"comment_status":"closed","ping_status":"closed","template":"page-fale-conosco.php","meta":{"footnotes":""},"acf":[],"yoast_head":"<!-- This site is optimized with the Yoast SEO plugin v24.5 - https:\/\/yoast.com\/wordpress\/plugins\/seo\/ -->\n<title>Fale Conosco - Djalma Reflexologista<\/title>\n<meta name=\"robots\" content=\"index, follow, max-snippet:-1, max-image-preview:large, max-video-preview:-1\" \/>\n<link rel=\"canonical\" href=\"https:\/\/www.djalma.com.br\/site\/fale-conosco\/\" \/>\n<meta property=\"og:locale\" content=\"pt_BR\" \/>\n<meta property=\"og:type\" content=\"article\" \/>\n<meta property=\"og:title\" content=\"Fale Conosco - Djalma Reflexologista\" \/>\n<meta property=\"og:description\" content=\"Preencha o formul\u00e1rio abaixo para entrar em contato conosco. Ou fale conosco atrav\u00e9s de nosso telefone, e-mail e endere\u00e7o ao lado do formul\u00e1rio.\" \/>\n<meta property=\"og:url\" content=\"https:\/\/www.djalma.com.br\/site\/fale-conosco\/\" \/>\n<meta property=\"og:site_name\" content=\"Djalma Reflexologista\" \/>\n<meta property=\"article:modified_time\" content=\"2016-12-15T00:21:34+00:00\" \/>\n<meta name=\"twitter:card\" content=\"summary_large_image\" \/>\n<script type=\"application\/ld+json\" class=\"yoast-schema-graph\">{\"@context\":\"https:\/\/schema.org\",\"@graph\":[{\"@type\":\"WebPage\",\"@id\":\"https:\/\/www.djalma.com.br\/site\/fale-conosco\/\",\"url\":\"https:\/\/www.djalma.com.br\/site\/fale-conosco\/\",\"name\":\"Fale Conosco - Djalma Reflexologista\",\"isPartOf\":{\"@id\":\"https:\/\/www.djalma.com.br\/site\/#website\"},\"datePublished\":\"2016-03-24T17:42:52+00:00\",\"dateModified\":\"2016-12-15T00:21:34+00:00\",\"breadcrumb\":{\"@id\":\"https:\/\/www.djalma.com.br\/site\/fale-conosco\/#breadcrumb\"},\"inLanguage\":\"pt-BR\",\"potentialAction\":[{\"@type\":\"ReadAction\",\"target\":[\"https:\/\/www.djalma.com.br\/site\/fale-conosco\/\"]}]},{\"@type\":\"BreadcrumbList\",\"@id\":\"https:\/\/www.djalma.com.br\/site\/fale-conosco\/#breadcrumb\",\"itemListElement\":[{\"@type\":\"ListItem\",\"position\":1,\"name\":\"In\u00edcio\",\"item\":\"https:\/\/www.djalma.com.br\/site\/\"},{\"@type\":\"ListItem\",\"position\":2,\"name\":\"Fale Conosco\"}]},{\"@type\":\"WebSite\",\"@id\":\"https:\/\/www.djalma.com.br\/site\/#website\",\"url\":\"https:\/\/www.djalma.com.br\/site\/\",\"name\":\"Djalma Reflexologista\",\"description\":\"\",\"publisher\":{\"@id\":\"https:\/\/www.djalma.com.br\/site\/#organization\"},\"potentialAction\":[{\"@type\":\"SearchAction\",\"target\":{\"@type\":\"EntryPoint\",\"urlTemplate\":\"https:\/\/www.djalma.com.br\/site\/?s={search_term_string}\"},\"query-input\":{\"@type\":\"PropertyValueSpecification\",\"valueRequired\":true,\"valueName\":\"search_term_string\"}}],\"inLanguage\":\"pt-BR\"},{\"@type\":\"Organization\",\"@id\":\"https:\/\/www.djalma.com.br\/site\/#organization\",\"name\":\"Djalma Reflexologista\",\"url\":\"https:\/\/www.djalma.com.br\/site\/\",\"logo\":{\"@type\":\"ImageObject\",\"inLanguage\":\"pt-BR\",\"@id\":\"https:\/\/www.djalma.com.br\/site\/#\/schema\/logo\/image\/\",\"url\":\"http:\/\/localhost\/djalma\/site\/wp-content\/uploads\/2017\/09\/logotipo.png\",\"contentUrl\":\"http:\/\/localhost\/djalma\/site\/wp-content\/uploads\/2017\/09\/logotipo.png\",\"width\":254,\"height\":115,\"caption\":\"Djalma Reflexologista\"},\"image\":{\"@id\":\"https:\/\/www.djalma.com.br\/site\/#\/schema\/logo\/image\/\"}}]}<\/script>\n<!-- \/ Yoast SEO plugin. -->","yoast_head_json":{"title":"Fale Conosco - Djalma Reflexologista","robots":{"index":"index","follow":"follow","max-snippet":"max-snippet:-1","max-image-preview":"max-image-preview:large","max-video-preview":"max-video-preview:-1"},"canonical":"https:\/\/www.djalma.com.br\/site\/fale-conosco\/","og_locale":"pt_BR","og_type":"article","og_title":"Fale Conosco - Djalma Reflexologista","og_description":"Preencha o formul\u00e1rio abaixo para entrar em contato conosco. Ou fale conosco atrav\u00e9s de nosso telefone, e-mail e endere\u00e7o ao lado do formul\u00e1rio.","og_url":"https:\/\/www.djalma.com.br\/site\/fale-conosco\/","og_site_name":"Djalma Reflexologista","article_modified_time":"2016-12-15T00:21:34+00:00","twitter_card":"summary_large_image","schema":{"@context":"https:\/\/schema.org","@graph":[{"@type":"WebPage","@id":"https:\/\/www.djalma.com.br\/site\/fale-conosco\/","url":"https:\/\/www.djalma.com.br\/site\/fale-conosco\/","name":"Fale Conosco - Djalma Reflexologista","isPartOf":{"@id":"https:\/\/www.djalma.com.br\/site\/#website"},"datePublished":"2016-03-24T17:42:52+00:00","dateModified":"2016-12-15T00:21:34+00:00","breadcrumb":{"@id":"https:\/\/www.djalma.com.br\/site\/fale-conosco\/#breadcrumb"},"inLanguage":"pt-BR","potentialAction":[{"@type":"ReadAction","target":["https:\/\/www.djalma.com.br\/site\/fale-conosco\/"]}]},{"@type":"BreadcrumbList","@id":"https:\/\/www.djalma.com.br\/site\/fale-conosco\/#breadcrumb","itemListElement":[{"@type":"ListItem","position":1,"name":"In\u00edcio","item":"https:\/\/www.djalma.com.br\/site\/"},{"@type":"ListItem","position":2,"name":"Fale Conosco"}]},{"@type":"WebSite","@id":"https:\/\/www.djalma.com.br\/site\/#website","url":"https:\/\/www.djalma.com.br\/site\/","name":"Djalma Reflexologista","description":"","publisher":{"@id":"https:\/\/www.djalma.com.br\/site\/#organization"},"potentialAction":[{"@type":"SearchAction","target":{"@type":"EntryPoint","urlTemplate":"https:\/\/www.djalma.com.br\/site\/?s={search_term_string}"},"query-input":{"@type":"PropertyValueSpecification","valueRequired":true,"valueName":"search_term_string"}}],"inLanguage":"pt-BR"},{"@type":"Organization","@id":"https:\/\/www.djalma.com.br\/site\/#organization","name":"Djalma Reflexologista","url":"https:\/\/www.djalma.com.br\/site\/","logo":{"@type":"ImageObject","inLanguage":"pt-BR","@id":"https:\/\/www.djalma.com.br\/site\/#\/schema\/logo\/image\/","url":"http:\/\/localhost\/djalma\/site\/wp-content\/uploads\/2017\/09\/logotipo.png","contentUrl":"http:\/\/localhost\/djalma\/site\/wp-content\/uploads\/2017\/09\/logotipo.png","width":254,"height":115,"caption":"Djalma Reflexologista"},"image":{"@id":"https:\/\/www.djalma.com.br\/site\/#\/schema\/logo\/image\/"}}]}},"_links":{"self":[{"href":"https:\/\/www.djalma.com.br\/site\/wp-json\/wp\/v2\/pages\/12"}],"collection":[{"href":"https:\/\/www.djalma.com.br\/site\/wp-json\/wp\/v2\/pages"}],"about":[{"href":"https:\/\/www.djalma.com.br\/site\/wp-json\/wp\/v2\/types\/page"}],"author":[{"embeddable":true,"href":"https:\/\/www.djalma.com.br\/site\/wp-json\/wp\/v2\/users\/3"}],"replies":[{"embeddable":true,"href":"https:\/\/www.djalma.com.br\/site\/wp-json\/wp\/v2\/comments?post=12"}],"version-history":[{"count":4,"href":"https:\/\/www.djalma.com.br\/site\/wp-json\/wp\/v2\/pages\/12\/revisions"}],"predecessor-version":[{"id":102,"href":"https:\/\/www.djalma.com.br\/site\/wp-json\/wp\/v2\/pages\/12\/revisions\/102"}],"wp:attachment":[{"href":"https:\/\/www.djalma.com.br\/site\/wp-json\/wp\/v2\/media?parent=12"}],"curies":[{"name":"wp","href":"https:\/\/api.w.org\/{rel}","templated":true}]}}