{"id":4,"date":"2016-03-24T14:12:01","date_gmt":"2016-03-24T17:12:01","guid":{"rendered":"http:\/\/localhost\/base\/home\/"},"modified":"2017-10-09T16:47:05","modified_gmt":"2017-10-09T19:47:05","slug":"reflexologista","status":"publish","type":"page","link":"https:\/\/www.djalma.com.br\/site\/","title":{"rendered":"Home"},"content":{"rendered":"","protected":false},"excerpt":{"rendered":"","protected":false},"author":3,"featured_media":0,"parent":0,"menu_order":-1,"comment_status":"closed","ping_status":"closed","template":"page-home.php","meta":{"footnotes":""},"acf":[],"yoast_head":"<!-- This site is optimized with the Yoast SEO plugin v24.5 - https:\/\/yoast.com\/wordpress\/plugins\/seo\/ -->\n<title>Djalma Reflexologista<\/title>\n<meta name=\"description\" content=\"A Reflexologia \u00e9 um tratamento de sa\u00fade simples, confort\u00e1vel, sem contra indica\u00e7\u00e3o, indicado para pessoas de todas as idades, sem contra indica\u00e7\u00e3o.\" \/>\n<meta name=\"robots\" content=\"index, follow, max-snippet:-1, max-image-preview:large, max-video-preview:-1\" \/>\n<link rel=\"canonical\" href=\"https:\/\/www.djalma.com.br\/site\/\" \/>\n<meta property=\"og:locale\" content=\"pt_BR\" \/>\n<meta property=\"og:type\" content=\"article\" \/>\n<meta property=\"og:title\" content=\"Djalma Reflexologista\" \/>\n<meta property=\"og:description\" content=\"A Reflexologia \u00e9 um tratamento de sa\u00fade simples, confort\u00e1vel, sem contra indica\u00e7\u00e3o, indicado para pessoas de todas as idades, sem contra indica\u00e7\u00e3o.\" \/>\n<meta property=\"og:url\" content=\"https:\/\/www.djalma.com.br\/site\/\" \/>\n<meta property=\"og:site_name\" content=\"Djalma Reflexologista\" \/>\n<meta property=\"article:modified_time\" content=\"2017-10-09T19:47:05+00:00\" \/>\n<meta name=\"twitter:card\" content=\"summary_large_image\" \/>\n<script type=\"application\/ld+json\" class=\"yoast-schema-graph\">{\"@context\":\"https:\/\/schema.org\",\"@graph\":[{\"@type\":\"WebPage\",\"@id\":\"https:\/\/www.djalma.com.br\/site\/\",\"url\":\"https:\/\/www.djalma.com.br\/site\/\",\"name\":\"Djalma Reflexologista\",\"isPartOf\":{\"@id\":\"https:\/\/www.djalma.com.br\/site\/#website\"},\"datePublished\":\"2016-03-24T17:12:01+00:00\",\"dateModified\":\"2017-10-09T19:47:05+00:00\",\"description\":\"A Reflexologia \u00e9 um tratamento de sa\u00fade simples, confort\u00e1vel, sem contra indica\u00e7\u00e3o, indicado para pessoas de todas as idades, sem contra indica\u00e7\u00e3o.\",\"breadcrumb\":{\"@id\":\"https:\/\/www.djalma.com.br\/site\/#breadcrumb\"},\"inLanguage\":\"pt-BR\",\"potentialAction\":[{\"@type\":\"ReadAction\",\"target\":[\"https:\/\/www.djalma.com.br\/site\/\"]}]},{\"@type\":\"BreadcrumbList\",\"@id\":\"https:\/\/www.djalma.com.br\/site\/#breadcrumb\",\"itemListElement\":[{\"@type\":\"ListItem\",\"position\":1,\"name\":\"In\u00edcio\",\"item\":\"https:\/\/www.djalma.com.br\/site\/\"},{\"@type\":\"ListItem\",\"position\":2,\"name\":\"Home\"}]},{\"@type\":\"WebSite\",\"@id\":\"https:\/\/www.djalma.com.br\/site\/#website\",\"url\":\"https:\/\/www.djalma.com.br\/site\/\",\"name\":\"Djalma Reflexologista\",\"description\":\"\",\"publisher\":{\"@id\":\"https:\/\/www.djalma.com.br\/site\/#organization\"},\"potentialAction\":[{\"@type\":\"SearchAction\",\"target\":{\"@type\":\"EntryPoint\",\"urlTemplate\":\"https:\/\/www.djalma.com.br\/site\/?s={search_term_string}\"},\"query-input\":{\"@type\":\"PropertyValueSpecification\",\"valueRequired\":true,\"valueName\":\"search_term_string\"}}],\"inLanguage\":\"pt-BR\"},{\"@type\":\"Organization\",\"@id\":\"https:\/\/www.djalma.com.br\/site\/#organization\",\"name\":\"Djalma Reflexologista\",\"url\":\"https:\/\/www.djalma.com.br\/site\/\",\"logo\":{\"@type\":\"ImageObject\",\"inLanguage\":\"pt-BR\",\"@id\":\"https:\/\/www.djalma.com.br\/site\/#\/schema\/logo\/image\/\",\"url\":\"http:\/\/localhost\/djalma\/site\/wp-content\/uploads\/2017\/09\/logotipo.png\",\"contentUrl\":\"http:\/\/localhost\/djalma\/site\/wp-content\/uploads\/2017\/09\/logotipo.png\",\"width\":254,\"height\":115,\"caption\":\"Djalma Reflexologista\"},\"image\":{\"@id\":\"https:\/\/www.djalma.com.br\/site\/#\/schema\/logo\/image\/\"}}]}<\/script>\n<!-- \/ Yoast SEO plugin. -->","yoast_head_json":{"title":"Djalma Reflexologista","description":"A Reflexologia \u00e9 um tratamento de sa\u00fade simples, confort\u00e1vel, sem contra indica\u00e7\u00e3o, indicado para pessoas de todas as idades, sem contra indica\u00e7\u00e3o.","robots":{"index":"index","follow":"follow","max-snippet":"max-snippet:-1","max-image-preview":"max-image-preview:large","max-video-preview":"max-video-preview:-1"},"canonical":"https:\/\/www.djalma.com.br\/site\/","og_locale":"pt_BR","og_type":"article","og_title":"Djalma Reflexologista","og_description":"A Reflexologia \u00e9 um tratamento de sa\u00fade simples, confort\u00e1vel, sem contra indica\u00e7\u00e3o, indicado para pessoas de todas as idades, sem contra indica\u00e7\u00e3o.","og_url":"https:\/\/www.djalma.com.br\/site\/","og_site_name":"Djalma Reflexologista","article_modified_time":"2017-10-09T19:47:05+00:00","twitter_card":"summary_large_image","schema":{"@context":"https:\/\/schema.org","@graph":[{"@type":"WebPage","@id":"https:\/\/www.djalma.com.br\/site\/","url":"https:\/\/www.djalma.com.br\/site\/","name":"Djalma Reflexologista","isPartOf":{"@id":"https:\/\/www.djalma.com.br\/site\/#website"},"datePublished":"2016-03-24T17:12:01+00:00","dateModified":"2017-10-09T19:47:05+00:00","description":"A Reflexologia \u00e9 um tratamento de sa\u00fade simples, confort\u00e1vel, sem contra indica\u00e7\u00e3o, indicado para pessoas de todas as idades, sem contra indica\u00e7\u00e3o.","breadcrumb":{"@id":"https:\/\/www.djalma.com.br\/site\/#breadcrumb"},"inLanguage":"pt-BR","potentialAction":[{"@type":"ReadAction","target":["https:\/\/www.djalma.com.br\/site\/"]}]},{"@type":"BreadcrumbList","@id":"https:\/\/www.djalma.com.br\/site\/#breadcrumb","itemListElement":[{"@type":"ListItem","position":1,"name":"In\u00edcio","item":"https:\/\/www.djalma.com.br\/site\/"},{"@type":"ListItem","position":2,"name":"Home"}]},{"@type":"WebSite","@id":"https:\/\/www.djalma.com.br\/site\/#website","url":"https:\/\/www.djalma.com.br\/site\/","name":"Djalma Reflexologista","description":"","publisher":{"@id":"https:\/\/www.djalma.com.br\/site\/#organization"},"potentialAction":[{"@type":"SearchAction","target":{"@type":"EntryPoint","urlTemplate":"https:\/\/www.djalma.com.br\/site\/?s={search_term_string}"},"query-input":{"@type":"PropertyValueSpecification","valueRequired":true,"valueName":"search_term_string"}}],"inLanguage":"pt-BR"},{"@type":"Organization","@id":"https:\/\/www.djalma.com.br\/site\/#organization","name":"Djalma Reflexologista","url":"https:\/\/www.djalma.com.br\/site\/","logo":{"@type":"ImageObject","inLanguage":"pt-BR","@id":"https:\/\/www.djalma.com.br\/site\/#\/schema\/logo\/image\/","url":"http:\/\/localhost\/djalma\/site\/wp-content\/uploads\/2017\/09\/logotipo.png","contentUrl":"http:\/\/localhost\/djalma\/site\/wp-content\/uploads\/2017\/09\/logotipo.png","width":254,"height":115,"caption":"Djalma Reflexologista"},"image":{"@id":"https:\/\/www.djalma.com.br\/site\/#\/schema\/logo\/image\/"}}]}},"_links":{"self":[{"href":"https:\/\/www.djalma.com.br\/site\/wp-json\/wp\/v2\/pages\/4"}],"collection":[{"href":"https:\/\/www.djalma.com.br\/site\/wp-json\/wp\/v2\/pages"}],"about":[{"href":"https:\/\/www.djalma.com.br\/site\/wp-json\/wp\/v2\/types\/page"}],"author":[{"embeddable":true,"href":"https:\/\/www.djalma.com.br\/site\/wp-json\/wp\/v2\/users\/3"}],"replies":[{"embeddable":true,"href":"https:\/\/www.djalma.com.br\/site\/wp-json\/wp\/v2\/comments?post=4"}],"version-history":[{"count":2,"href":"https:\/\/www.djalma.com.br\/site\/wp-json\/wp\/v2\/pages\/4\/revisions"}],"predecessor-version":[{"id":60,"href":"https:\/\/www.djalma.com.br\/site\/wp-json\/wp\/v2\/pages\/4\/revisions\/60"}],"wp:attachment":[{"href":"https:\/\/www.djalma.com.br\/site\/wp-json\/wp\/v2\/media?parent=4"}],"curies":[{"name":"wp","href":"https:\/\/api.w.org\/{rel}","templated":true}]}}